{"id":1007,"date":"2016-03-26T00:42:36","date_gmt":"2016-03-26T05:42:36","guid":{"rendered":"http:\/\/philippe-amiel.com\/producto\/fs1446\/"},"modified":"2024-12-09T11:15:20","modified_gmt":"2024-12-09T16:15:20","slug":"sd1446","status":"publish","type":"product","link":"https:\/\/philippe-amiel.com\/?product=sd1446","title":{"rendered":"SD1446"},"content":{"rendered":"<table width=\"572\">\n<tbody>\n<tr>\n<td>Estilo<\/td>\n<td>Sport<\/td>\n<\/tr>\n<tr>\n<td>No de Referencia<\/td>\n<td>SD1446<\/td>\n<\/tr>\n<tr>\n<td>Genero<\/td>\n<td>Femenino<\/td>\n<\/tr>\n<tr>\n<td>Material Caja<\/td>\n<td>Acero<\/td>\n<\/tr>\n<tr>\n<td>Dimensi\u00f3n Caja<\/td>\n<td>32 mm<\/td>\n<\/tr>\n<tr>\n<td>Cristal<\/td>\n<td>Cristal\u00a0Zafirado<\/td>\n<\/tr>\n<\/tbody>\n<\/table>\n<table width=\"572\">\n<tbody>\n<tr>\n<td>Resistencia al Agua<\/td>\n<td>1 ATM<\/td>\n<\/tr>\n<tr>\n<td>Color Dial<\/td>\n<td>4 tonos\u00a0\/ Numeraci\u00f3n Index<\/td>\n<\/tr>\n<tr>\n<td>Pulso<\/td>\n<td>SIlicona<\/td>\n<\/tr>\n<tr>\n<td>Caracter\u00edsticas Especiales<\/td>\n<td>N.A<\/td>\n<\/tr>\n<tr>\n<td>Maquinaria<\/td>\n<td>An\u00e1loga<\/td>\n<\/tr>\n<tr>\n<td>Tipo de Movimiento<\/td>\n<td>Ronda1064<\/td>\n<\/tr>\n<\/tbody>\n<\/table>\n","protected":false},"excerpt":{"rendered":"<p>Estilo Sport No de Referencia SD1446 Genero Femenino Material Caja Acero Dimensi\u00f3n Caja 32 mm Cristal Cristal\u00a0Zafirado Resistencia al Agua 1 ATM Color Dial 4 tonos\u00a0\/ Numeraci\u00f3n Index Pulso SIlicona Caracter\u00edsticas Especiales N.A Maquinaria An\u00e1loga Tipo de Movimiento Ronda1064<\/p>\n","protected":false},"featured_media":979,"template":"","meta":[],"product_brand":[],"product_cat":[19,32],"product_tag":[],"class_list":{"0":"post-1007","1":"product","2":"type-product","3":"status-publish","4":"has-post-thumbnail","6":"product_cat-dama","7":"product_cat-sport","9":"first","10":"instock","11":"shipping-taxable","12":"purchasable","13":"product-type-simple"},"_links":{"self":[{"href":"https:\/\/philippe-amiel.com\/index.php?rest_route=\/wp\/v2\/product\/1007","targetHints":{"allow":["GET"]}}],"collection":[{"href":"https:\/\/philippe-amiel.com\/index.php?rest_route=\/wp\/v2\/product"}],"about":[{"href":"https:\/\/philippe-amiel.com\/index.php?rest_route=\/wp\/v2\/types\/product"}],"wp:featuredmedia":[{"embeddable":true,"href":"https:\/\/philippe-amiel.com\/index.php?rest_route=\/wp\/v2\/media\/979"}],"wp:attachment":[{"href":"https:\/\/philippe-amiel.com\/index.php?rest_route=%2Fwp%2Fv2%2Fmedia&parent=1007"}],"wp:term":[{"taxonomy":"product_brand","embeddable":true,"href":"https:\/\/philippe-amiel.com\/index.php?rest_route=%2Fwp%2Fv2%2Fproduct_brand&post=1007"},{"taxonomy":"product_cat","embeddable":true,"href":"https:\/\/philippe-amiel.com\/index.php?rest_route=%2Fwp%2Fv2%2Fproduct_cat&post=1007"},{"taxonomy":"product_tag","embeddable":true,"href":"https:\/\/philippe-amiel.com\/index.php?rest_route=%2Fwp%2Fv2%2Fproduct_tag&post=1007"}],"curies":[{"name":"wp","href":"https:\/\/api.w.org\/{rel}","templated":true}]}}