{"id":1030,"date":"2016-03-27T12:57:24","date_gmt":"2016-03-27T17:57:24","guid":{"rendered":"http:\/\/philippe-amiel.com\/producto\/f362\/"},"modified":"2024-12-09T10:51:34","modified_gmt":"2024-12-09T15:51:34","slug":"f362","status":"publish","type":"product","link":"https:\/\/philippe-amiel.com\/?product=f362","title":{"rendered":"F362"},"content":{"rendered":"<table width=\"572\">\n<tbody>\n<tr>\n<td>Estilo<\/td>\n<td>Casual<\/td>\n<\/tr>\n<tr>\n<td>No de Referencia<\/td>\n<td>F362<\/td>\n<\/tr>\n<tr>\n<td>Genero<\/td>\n<td>Femenino<\/td>\n<\/tr>\n<tr>\n<td>Material Caja<\/td>\n<td>Acero<\/td>\n<\/tr>\n<tr>\n<td>Dimensi\u00f3n Caja<\/td>\n<td>20 * 17\u00a0mm<\/td>\n<\/tr>\n<tr>\n<td>Cristal<\/td>\n<td>Cristal\u00a0zafirado<\/td>\n<\/tr>\n<\/tbody>\n<\/table>\n<table width=\"572\">\n<tbody>\n<tr>\n<td>Resistencia al Agua<\/td>\n<td>Salpicaduras<\/td>\n<\/tr>\n<tr>\n<td>Color Dial<\/td>\n<td>Blanco, Nacar, Azul \/ Numeraci\u00f3n Index<\/td>\n<\/tr>\n<tr>\n<td>Pulso<\/td>\n<td>Todo en acero<\/td>\n<\/tr>\n<tr>\n<td>Caracter\u00edsticas Especiales<\/td>\n<td>Ovalado<\/td>\n<\/tr>\n<tr>\n<td>Maquinaria<\/td>\n<td>An\u00e1logo<\/td>\n<\/tr>\n<tr>\n<td>Tipo de Movimiento<\/td>\n<td>Miyota 5R21<\/td>\n<\/tr>\n<\/tbody>\n<\/table>\n","protected":false},"excerpt":{"rendered":"<p>Estilo Casual No de Referencia F362 Genero Femenino Material Caja Acero Dimensi\u00f3n Caja 20 * 17\u00a0mm Cristal Cristal\u00a0zafirado Resistencia al Agua Salpicaduras Color Dial Blanco, Nacar, Azul \/ Numeraci\u00f3n Index Pulso Todo en acero Caracter\u00edsticas Especiales Ovalado Maquinaria An\u00e1logo Tipo de Movimiento Miyota 5R21<\/p>\n","protected":false},"featured_media":1033,"template":"","meta":[],"product_brand":[],"product_cat":[21,19],"product_tag":[],"class_list":{"0":"post-1030","1":"product","2":"type-product","3":"status-publish","4":"has-post-thumbnail","6":"product_cat-clasico-dama","7":"product_cat-dama","9":"first","10":"instock","11":"shipping-taxable","12":"purchasable","13":"product-type-simple"},"_links":{"self":[{"href":"https:\/\/philippe-amiel.com\/index.php?rest_route=\/wp\/v2\/product\/1030","targetHints":{"allow":["GET"]}}],"collection":[{"href":"https:\/\/philippe-amiel.com\/index.php?rest_route=\/wp\/v2\/product"}],"about":[{"href":"https:\/\/philippe-amiel.com\/index.php?rest_route=\/wp\/v2\/types\/product"}],"wp:featuredmedia":[{"embeddable":true,"href":"https:\/\/philippe-amiel.com\/index.php?rest_route=\/wp\/v2\/media\/1033"}],"wp:attachment":[{"href":"https:\/\/philippe-amiel.com\/index.php?rest_route=%2Fwp%2Fv2%2Fmedia&parent=1030"}],"wp:term":[{"taxonomy":"product_brand","embeddable":true,"href":"https:\/\/philippe-amiel.com\/index.php?rest_route=%2Fwp%2Fv2%2Fproduct_brand&post=1030"},{"taxonomy":"product_cat","embeddable":true,"href":"https:\/\/philippe-amiel.com\/index.php?rest_route=%2Fwp%2Fv2%2Fproduct_cat&post=1030"},{"taxonomy":"product_tag","embeddable":true,"href":"https:\/\/philippe-amiel.com\/index.php?rest_route=%2Fwp%2Fv2%2Fproduct_tag&post=1030"}],"curies":[{"name":"wp","href":"https:\/\/api.w.org\/{rel}","templated":true}]}}