{"id":1060,"date":"2016-03-28T01:51:25","date_gmt":"2016-03-28T06:51:25","guid":{"rendered":"http:\/\/philippe-amiel.com\/producto\/m44012-2\/"},"modified":"2024-12-06T12:34:45","modified_gmt":"2024-12-06T17:34:45","slug":"ch44012","status":"publish","type":"product","link":"https:\/\/philippe-amiel.com\/?product=ch44012","title":{"rendered":"CH44012"},"content":{"rendered":"<table width=\"572\">\n<tbody>\n<tr>\n<td>Estilo<\/td>\n<td>Cl\u00e1sico<\/td>\n<\/tr>\n<tr>\n<td>No de Referencia<\/td>\n<td>CH44012<\/td>\n<\/tr>\n<tr>\n<td>Genero<\/td>\n<td>Masculino<\/td>\n<\/tr>\n<tr>\n<td>Material Caja<\/td>\n<td>Acero color cobre<\/td>\n<\/tr>\n<tr>\n<td>Dimensi\u00f3n Caja<\/td>\n<td>41\u00a0mm<\/td>\n<\/tr>\n<tr>\n<td>Cristal<\/td>\n<td>cristal mineral K1 con recubrimiento de zafiro<\/td>\n<\/tr>\n<\/tbody>\n<\/table>\n<table width=\"572\">\n<tbody>\n<tr>\n<td>Resistencia al Agua<\/td>\n<td>50 Mts<\/td>\n<\/tr>\n<tr>\n<td>Color Dial<\/td>\n<td>Negro-Blanco\/ Numeraci\u00f3n ar\u00e1bigo e index<\/td>\n<\/tr>\n<tr>\n<td>Pulso<\/td>\n<td>Cuero<\/td>\n<\/tr>\n<tr>\n<td>Caracter\u00edsticas Especiales<\/td>\n<td>Calendario a las 4<\/td>\n<\/tr>\n<tr>\n<td>Maquinaria<\/td>\n<td>An\u00e1logo<\/td>\n<\/tr>\n<tr>\n<td>Tipo de Movimiento<\/td>\n<td>ETA G10.211<\/td>\n<\/tr>\n<\/tbody>\n<\/table>\n","protected":false},"excerpt":{"rendered":"<p>Estilo Cl\u00e1sico No de Referencia CH44012 Genero Masculino Material Caja Acero color cobre Dimensi\u00f3n Caja 41\u00a0mm Cristal cristal mineral K1 con recubrimiento de zafiro Resistencia al Agua 50 Mts Color Dial Negro-Blanco\/ Numeraci\u00f3n ar\u00e1bigo e index Pulso Cuero Caracter\u00edsticas Especiales Calendario a las 4 Maquinaria An\u00e1logo Tipo de Movimiento ETA G10.211<\/p>\n","protected":false},"featured_media":1049,"template":"","meta":[],"product_brand":[],"product_cat":[15,34],"product_tag":[],"class_list":{"0":"post-1060","1":"product","2":"type-product","3":"status-publish","4":"has-post-thumbnail","6":"product_cat-caballero","7":"product_cat-edicion-limitada","9":"first","10":"instock","11":"shipping-taxable","12":"purchasable","13":"product-type-variable"},"_links":{"self":[{"href":"https:\/\/philippe-amiel.com\/index.php?rest_route=\/wp\/v2\/product\/1060","targetHints":{"allow":["GET"]}}],"collection":[{"href":"https:\/\/philippe-amiel.com\/index.php?rest_route=\/wp\/v2\/product"}],"about":[{"href":"https:\/\/philippe-amiel.com\/index.php?rest_route=\/wp\/v2\/types\/product"}],"wp:featuredmedia":[{"embeddable":true,"href":"https:\/\/philippe-amiel.com\/index.php?rest_route=\/wp\/v2\/media\/1049"}],"wp:attachment":[{"href":"https:\/\/philippe-amiel.com\/index.php?rest_route=%2Fwp%2Fv2%2Fmedia&parent=1060"}],"wp:term":[{"taxonomy":"product_brand","embeddable":true,"href":"https:\/\/philippe-amiel.com\/index.php?rest_route=%2Fwp%2Fv2%2Fproduct_brand&post=1060"},{"taxonomy":"product_cat","embeddable":true,"href":"https:\/\/philippe-amiel.com\/index.php?rest_route=%2Fwp%2Fv2%2Fproduct_cat&post=1060"},{"taxonomy":"product_tag","embeddable":true,"href":"https:\/\/philippe-amiel.com\/index.php?rest_route=%2Fwp%2Fv2%2Fproduct_tag&post=1060"}],"curies":[{"name":"wp","href":"https:\/\/api.w.org\/{rel}","templated":true}]}}