{"id":379,"date":"2016-02-19T18:35:21","date_gmt":"2016-02-19T18:35:21","guid":{"rendered":"http:\/\/philippe-amiel.com\/?post_type=product&#038;p=379"},"modified":"2024-12-09T11:11:58","modified_gmt":"2024-12-09T16:11:58","slug":"f1191-3","status":"publish","type":"product","link":"https:\/\/philippe-amiel.com\/?product=f1191-3","title":{"rendered":"F1191"},"content":{"rendered":"<table width=\"572\">\n<tbody>\n<tr>\n<td>Estilo<\/td>\n<td>Cl\u00e1sico<\/td>\n<\/tr>\n<tr>\n<td>No de Referencia<\/td>\n<td>F1191<\/td>\n<\/tr>\n<tr>\n<td>Genero<\/td>\n<td>Femenino<\/td>\n<\/tr>\n<tr>\n<td>Material Caja<\/td>\n<td>Bronce (Enchape 5 mic de oro)<\/td>\n<\/tr>\n<tr>\n<td>Dimensi\u00f3n Caja<\/td>\n<td>25\u00a0mm<\/td>\n<\/tr>\n<tr>\n<td>Cristal<\/td>\n<td>Cristal Mineral<\/td>\n<\/tr>\n<\/tbody>\n<\/table>\n<table width=\"572\">\n<tbody>\n<tr>\n<td>Resistencia al Agua<\/td>\n<td>1 ATM<\/td>\n<\/tr>\n<tr>\n<td>Color Dial<\/td>\n<td>Blanco\/Numeraci\u00f3n Romana<\/td>\n<\/tr>\n<tr>\n<td>Pulso<\/td>\n<td>Cuero<\/td>\n<\/tr>\n<tr>\n<td>Caracter\u00edsticas Especiales<\/td>\n<td>NA<\/td>\n<\/tr>\n<tr>\n<td>Maquinaria<\/td>\n<td>An\u00e1loga<\/td>\n<\/tr>\n<tr>\n<td>Tipo de Movimiento<\/td>\n<td>Ronda 762<\/td>\n<\/tr>\n<\/tbody>\n<\/table>\n<p>&nbsp;<\/p>\n","protected":false},"excerpt":{"rendered":"<p>Estilo Cl\u00e1sico No de Referencia F1191 Genero Femenino Material Caja Bronce (Enchape 5 mic de oro) Dimensi\u00f3n Caja 25\u00a0mm Cristal Cristal Mineral Resistencia al Agua 1 ATM Color Dial Blanco\/Numeraci\u00f3n Romana Pulso Cuero Caracter\u00edsticas Especiales NA Maquinaria An\u00e1loga Tipo de Movimiento Ronda 762 &nbsp;<\/p>\n","protected":false},"featured_media":378,"template":"","meta":[],"product_brand":[],"product_cat":[21,19],"product_tag":[],"class_list":{"0":"post-379","1":"product","2":"type-product","3":"status-publish","4":"has-post-thumbnail","6":"product_cat-clasico-dama","7":"product_cat-dama","9":"first","10":"instock","11":"shipping-taxable","12":"purchasable","13":"product-type-simple"},"_links":{"self":[{"href":"https:\/\/philippe-amiel.com\/index.php?rest_route=\/wp\/v2\/product\/379","targetHints":{"allow":["GET"]}}],"collection":[{"href":"https:\/\/philippe-amiel.com\/index.php?rest_route=\/wp\/v2\/product"}],"about":[{"href":"https:\/\/philippe-amiel.com\/index.php?rest_route=\/wp\/v2\/types\/product"}],"wp:featuredmedia":[{"embeddable":true,"href":"https:\/\/philippe-amiel.com\/index.php?rest_route=\/wp\/v2\/media\/378"}],"wp:attachment":[{"href":"https:\/\/philippe-amiel.com\/index.php?rest_route=%2Fwp%2Fv2%2Fmedia&parent=379"}],"wp:term":[{"taxonomy":"product_brand","embeddable":true,"href":"https:\/\/philippe-amiel.com\/index.php?rest_route=%2Fwp%2Fv2%2Fproduct_brand&post=379"},{"taxonomy":"product_cat","embeddable":true,"href":"https:\/\/philippe-amiel.com\/index.php?rest_route=%2Fwp%2Fv2%2Fproduct_cat&post=379"},{"taxonomy":"product_tag","embeddable":true,"href":"https:\/\/philippe-amiel.com\/index.php?rest_route=%2Fwp%2Fv2%2Fproduct_tag&post=379"}],"curies":[{"name":"wp","href":"https:\/\/api.w.org\/{rel}","templated":true}]}}