{"id":493,"date":"2016-02-25T17:44:02","date_gmt":"2016-02-25T17:44:02","guid":{"rendered":"http:\/\/philippe-amiel.com\/producto\/f1298-zafirado-calendario\/"},"modified":"2024-12-09T11:02:19","modified_gmt":"2024-12-09T16:02:19","slug":"f1298-zafirado-calendario","status":"publish","type":"product","link":"https:\/\/philippe-amiel.com\/?product=f1298-zafirado-calendario","title":{"rendered":"F1298 Zafirado Calendario"},"content":{"rendered":"<table width=\"572\">\n<tbody>\n<tr>\n<td>Estilo<\/td>\n<td>Cl\u00e1sico<\/td>\n<\/tr>\n<tr>\n<td>No de Referencia<\/td>\n<td>F1298\u00a0Zafirado\u00a0Calendario<\/td>\n<\/tr>\n<tr>\n<td>Genero<\/td>\n<td>Femenino<\/td>\n<\/tr>\n<tr>\n<td>Material Caja<\/td>\n<td>Bronce (Enchape 5 mic de oro)<\/td>\n<\/tr>\n<tr>\n<td>Dimensi\u00f3n Caja<\/td>\n<td>25\u00a0mm<\/td>\n<\/tr>\n<tr>\n<td>Cristal<\/td>\n<td>Cristal\u00a0Zafirado<\/td>\n<\/tr>\n<\/tbody>\n<\/table>\n<table width=\"572\">\n<tbody>\n<tr>\n<td>Resistencia al Agua<\/td>\n<td>1 ATM<\/td>\n<\/tr>\n<tr>\n<td>Color Dial<\/td>\n<td>Blanco, Negro \/ sin numeraci\u00f3n<\/td>\n<\/tr>\n<tr>\n<td>Pulso<\/td>\n<td>Cuero<\/td>\n<\/tr>\n<tr>\n<td>Caracter\u00edsticas Especiales<\/td>\n<td>Sistema calendario a las 6<\/td>\n<\/tr>\n<tr>\n<td>Maquinaria<\/td>\n<td>An\u00e1loga<\/td>\n<\/tr>\n<tr>\n<td>Tipo de Movimiento<\/td>\n<td>Ronda 762<\/td>\n<\/tr>\n<\/tbody>\n<\/table>\n<p>&nbsp;<\/p>\n","protected":false},"excerpt":{"rendered":"<p>Estilo Cl\u00e1sico No de Referencia F1298\u00a0Zafirado\u00a0Calendario Genero Femenino Material Caja Bronce (Enchape 5 mic de oro) Dimensi\u00f3n Caja 25\u00a0mm Cristal Cristal\u00a0Zafirado Resistencia al Agua 1 ATM Color Dial Blanco, Negro \/ sin numeraci\u00f3n Pulso Cuero Caracter\u00edsticas Especiales Sistema calendario a las 6 Maquinaria An\u00e1loga Tipo de Movimiento Ronda 762 &nbsp;<\/p>\n","protected":false},"featured_media":490,"template":"","meta":[],"product_brand":[],"product_cat":[21,19],"product_tag":[],"class_list":{"0":"post-493","1":"product","2":"type-product","3":"status-publish","4":"has-post-thumbnail","6":"product_cat-clasico-dama","7":"product_cat-dama","9":"first","10":"instock","11":"shipping-taxable","12":"purchasable","13":"product-type-variable"},"_links":{"self":[{"href":"https:\/\/philippe-amiel.com\/index.php?rest_route=\/wp\/v2\/product\/493","targetHints":{"allow":["GET"]}}],"collection":[{"href":"https:\/\/philippe-amiel.com\/index.php?rest_route=\/wp\/v2\/product"}],"about":[{"href":"https:\/\/philippe-amiel.com\/index.php?rest_route=\/wp\/v2\/types\/product"}],"wp:featuredmedia":[{"embeddable":true,"href":"https:\/\/philippe-amiel.com\/index.php?rest_route=\/wp\/v2\/media\/490"}],"wp:attachment":[{"href":"https:\/\/philippe-amiel.com\/index.php?rest_route=%2Fwp%2Fv2%2Fmedia&parent=493"}],"wp:term":[{"taxonomy":"product_brand","embeddable":true,"href":"https:\/\/philippe-amiel.com\/index.php?rest_route=%2Fwp%2Fv2%2Fproduct_brand&post=493"},{"taxonomy":"product_cat","embeddable":true,"href":"https:\/\/philippe-amiel.com\/index.php?rest_route=%2Fwp%2Fv2%2Fproduct_cat&post=493"},{"taxonomy":"product_tag","embeddable":true,"href":"https:\/\/philippe-amiel.com\/index.php?rest_route=%2Fwp%2Fv2%2Fproduct_tag&post=493"}],"curies":[{"name":"wp","href":"https:\/\/api.w.org\/{rel}","templated":true}]}}