{"id":498,"date":"2016-02-25T18:07:09","date_gmt":"2016-02-25T18:07:09","guid":{"rendered":"http:\/\/philippe-amiel.com\/producto\/m1379\/"},"modified":"2024-12-06T11:26:14","modified_gmt":"2024-12-06T16:26:14","slug":"m1379","status":"publish","type":"product","link":"https:\/\/philippe-amiel.com\/?product=m1379","title":{"rendered":"M1379"},"content":{"rendered":"<table width=\"572\">\n<tbody>\n<tr>\n<td>Estilo<\/td>\n<td>Cl\u00e1sico<\/td>\n<\/tr>\n<tr>\n<td>No de Referencia<\/td>\n<td>M1379<\/td>\n<\/tr>\n<tr>\n<td>Genero<\/td>\n<td>Masculino<\/td>\n<\/tr>\n<tr>\n<td>Material Caja<\/td>\n<td>Bronce (Enchape 10\u00a0mic de oro)<\/td>\n<\/tr>\n<tr>\n<td>Dimensi\u00f3n Caja<\/td>\n<td>Cuadrada 27 mm<\/td>\n<\/tr>\n<tr>\n<td>Cristal<\/td>\n<td>Cristal\u00a0Zafirado<\/td>\n<\/tr>\n<\/tbody>\n<\/table>\n<table width=\"572\">\n<tbody>\n<tr>\n<td>Resistencia al Agua<\/td>\n<td>Salpicaduras<\/td>\n<\/tr>\n<tr>\n<td>Color Dial<\/td>\n<td>Blanco, Beige \/ Numeraci\u00f3n Index, Ar\u00e1bigo Dorado, Ar\u00e1bigo Negro,Romano Negro, Romano Dorado<\/td>\n<\/tr>\n<tr>\n<td>Pulso<\/td>\n<td>Cuero<\/td>\n<\/tr>\n<tr>\n<td>Caracter\u00edsticas Especiales<\/td>\n<td>Extra plano<\/td>\n<\/tr>\n<tr>\n<td>Maquinaria<\/td>\n<td>An\u00e1loga<\/td>\n<\/tr>\n<tr>\n<td>Tipo de Movimiento<\/td>\n<td>ETA 902002<\/td>\n<\/tr>\n<\/tbody>\n<\/table>\n<p>&nbsp;<\/p>\n","protected":false},"excerpt":{"rendered":"<p>Estilo Cl\u00e1sico No de Referencia M1379 Genero Masculino Material Caja Bronce (Enchape 10\u00a0mic de oro) Dimensi\u00f3n Caja Cuadrada 27 mm Cristal Cristal\u00a0Zafirado Resistencia al Agua Salpicaduras Color Dial Blanco, Beige \/ Numeraci\u00f3n Index, Ar\u00e1bigo Dorado, Ar\u00e1bigo Negro,Romano Negro, Romano Dorado Pulso Cuero Caracter\u00edsticas Especiales Extra plano Maquinaria An\u00e1loga Tipo de Movimiento ETA 902002 &nbsp;<\/p>\n","protected":false},"featured_media":503,"template":"","meta":[],"product_brand":[],"product_cat":[15,18],"product_tag":[],"class_list":{"0":"post-498","1":"product","2":"type-product","3":"status-publish","4":"has-post-thumbnail","6":"product_cat-caballero","7":"product_cat-clasico-caballero","9":"first","10":"instock","11":"shipping-taxable","12":"purchasable","13":"product-type-variable"},"_links":{"self":[{"href":"https:\/\/philippe-amiel.com\/index.php?rest_route=\/wp\/v2\/product\/498","targetHints":{"allow":["GET"]}}],"collection":[{"href":"https:\/\/philippe-amiel.com\/index.php?rest_route=\/wp\/v2\/product"}],"about":[{"href":"https:\/\/philippe-amiel.com\/index.php?rest_route=\/wp\/v2\/types\/product"}],"wp:featuredmedia":[{"embeddable":true,"href":"https:\/\/philippe-amiel.com\/index.php?rest_route=\/wp\/v2\/media\/503"}],"wp:attachment":[{"href":"https:\/\/philippe-amiel.com\/index.php?rest_route=%2Fwp%2Fv2%2Fmedia&parent=498"}],"wp:term":[{"taxonomy":"product_brand","embeddable":true,"href":"https:\/\/philippe-amiel.com\/index.php?rest_route=%2Fwp%2Fv2%2Fproduct_brand&post=498"},{"taxonomy":"product_cat","embeddable":true,"href":"https:\/\/philippe-amiel.com\/index.php?rest_route=%2Fwp%2Fv2%2Fproduct_cat&post=498"},{"taxonomy":"product_tag","embeddable":true,"href":"https:\/\/philippe-amiel.com\/index.php?rest_route=%2Fwp%2Fv2%2Fproduct_tag&post=498"}],"curies":[{"name":"wp","href":"https:\/\/api.w.org\/{rel}","templated":true}]}}