{"id":683,"date":"2016-03-15T20:00:05","date_gmt":"2016-03-16T01:00:05","guid":{"rendered":"http:\/\/philippe-amiel.com\/producto\/m6318-cronografo\/"},"modified":"2024-12-06T12:44:24","modified_gmt":"2024-12-06T17:44:24","slug":"m6318-cronografo","status":"publish","type":"product","link":"https:\/\/philippe-amiel.com\/?product=m6318-cronografo","title":{"rendered":"M6318 Cronografo"},"content":{"rendered":"<table width=\"572\">\n<tbody>\n<tr>\n<td>Estilo<\/td>\n<td>Deportivo<\/td>\n<\/tr>\n<tr>\n<td>No de Referencia<\/td>\n<td>M6318 Cronografo<\/td>\n<\/tr>\n<tr>\n<td>Genero<\/td>\n<td>Masculino<\/td>\n<\/tr>\n<tr>\n<td>Material Caja<\/td>\n<td>Acero<\/td>\n<\/tr>\n<tr>\n<td>Dimensi\u00f3n Caja<\/td>\n<td>40\u00a0mm<\/td>\n<\/tr>\n<tr>\n<td>Cristal<\/td>\n<td>Cristal\u00a0Zafirado<\/td>\n<\/tr>\n<\/tbody>\n<\/table>\n<table width=\"572\">\n<tbody>\n<tr>\n<td>Resistencia al Agua<\/td>\n<td>10 ATM \/ 100 metros<\/td>\n<\/tr>\n<tr>\n<td>Color Dial<\/td>\n<td>Blanco \/ Azul\u00a0&#8211;\u00a0Numeraci\u00f3n Index<\/td>\n<\/tr>\n<tr>\n<td>Pulso<\/td>\n<td>Todo en acero<\/td>\n<\/tr>\n<tr>\n<td>Caracter\u00edsticas Especiales<\/td>\n<td>Calendario a las 4<\/td>\n<\/tr>\n<tr>\n<td>Maquinaria<\/td>\n<td>An\u00e1loga<\/td>\n<\/tr>\n<tr>\n<td>Tipo de Movimiento<\/td>\n<td>ETA G10211<\/td>\n<\/tr>\n<\/tbody>\n<\/table>\n","protected":false},"excerpt":{"rendered":"<p>Estilo Deportivo No de Referencia M6318 Cronografo Genero Masculino Material Caja Acero Dimensi\u00f3n Caja 40\u00a0mm Cristal Cristal\u00a0Zafirado Resistencia al Agua 10 ATM \/ 100 metros Color Dial Blanco \/ Azul\u00a0&#8211;\u00a0Numeraci\u00f3n Index Pulso Todo en acero Caracter\u00edsticas Especiales Calendario a las 4 Maquinaria An\u00e1loga Tipo de Movimiento ETA G10211<\/p>\n","protected":false},"featured_media":689,"template":"","meta":[],"product_brand":[],"product_cat":[15,16],"product_tag":[],"class_list":{"0":"post-683","1":"product","2":"type-product","3":"status-publish","4":"has-post-thumbnail","6":"product_cat-caballero","7":"product_cat-deportivo","9":"first","10":"instock","11":"shipping-taxable","12":"purchasable","13":"product-type-simple"},"_links":{"self":[{"href":"https:\/\/philippe-amiel.com\/index.php?rest_route=\/wp\/v2\/product\/683","targetHints":{"allow":["GET"]}}],"collection":[{"href":"https:\/\/philippe-amiel.com\/index.php?rest_route=\/wp\/v2\/product"}],"about":[{"href":"https:\/\/philippe-amiel.com\/index.php?rest_route=\/wp\/v2\/types\/product"}],"wp:featuredmedia":[{"embeddable":true,"href":"https:\/\/philippe-amiel.com\/index.php?rest_route=\/wp\/v2\/media\/689"}],"wp:attachment":[{"href":"https:\/\/philippe-amiel.com\/index.php?rest_route=%2Fwp%2Fv2%2Fmedia&parent=683"}],"wp:term":[{"taxonomy":"product_brand","embeddable":true,"href":"https:\/\/philippe-amiel.com\/index.php?rest_route=%2Fwp%2Fv2%2Fproduct_brand&post=683"},{"taxonomy":"product_cat","embeddable":true,"href":"https:\/\/philippe-amiel.com\/index.php?rest_route=%2Fwp%2Fv2%2Fproduct_cat&post=683"},{"taxonomy":"product_tag","embeddable":true,"href":"https:\/\/philippe-amiel.com\/index.php?rest_route=%2Fwp%2Fv2%2Fproduct_tag&post=683"}],"curies":[{"name":"wp","href":"https:\/\/api.w.org\/{rel}","templated":true}]}}