{"id":830,"date":"2016-03-17T21:24:08","date_gmt":"2016-03-17T21:24:08","guid":{"rendered":"http:\/\/philippe-amiel.com\/producto\/f6240-bicolor-dorado-segundero-2\/"},"modified":"2024-12-09T10:17:00","modified_gmt":"2024-12-09T15:17:00","slug":"f6240-bicolor-dorado-segundero-2","status":"publish","type":"product","link":"https:\/\/philippe-amiel.com\/?product=f6240-bicolor-dorado-segundero-2","title":{"rendered":"F6240 Bicolor Dorado Segundero"},"content":{"rendered":"<table width=\"572\">\n<tbody>\n<tr>\n<td>Estilo<\/td>\n<td>Casual<\/td>\n<\/tr>\n<tr>\n<td>No de Referencia<\/td>\n<td>F6240\u00a0Bic-Seg<\/td>\n<\/tr>\n<tr>\n<td>Genero<\/td>\n<td>Femenino<\/td>\n<\/tr>\n<tr>\n<td>Material Caja<\/td>\n<td>Acero<\/td>\n<\/tr>\n<tr>\n<td>Dimensi\u00f3n Caja<\/td>\n<td>25 mm<\/td>\n<\/tr>\n<tr>\n<td>Cristal<\/td>\n<td>Cristal\u00a0Zafirado<\/td>\n<\/tr>\n<\/tbody>\n<\/table>\n<table width=\"572\">\n<tbody>\n<tr>\n<td>Resistencia al Agua<\/td>\n<td>1 ATM<\/td>\n<\/tr>\n<tr>\n<td>Color Dial<\/td>\n<td>Blanco\/ Numeraci\u00f3n Romana o Ar\u00e1biga<\/td>\n<\/tr>\n<tr>\n<td>Pulso<\/td>\n<td>Todo en acero, bicolor dorado, tungsteno<\/td>\n<\/tr>\n<tr>\n<td>Caracter\u00edsticas Especiales<\/td>\n<td>Cristal\u00a0zafirado curvo, segundero a las 6<\/td>\n<\/tr>\n<tr>\n<td>Maquinaria<\/td>\n<td>An\u00e1loga<\/td>\n<\/tr>\n<tr>\n<td>Tipo de Movimiento<\/td>\n<td>Ronda1062<\/td>\n<\/tr>\n<\/tbody>\n<\/table>\n<p>&nbsp;<\/p>\n","protected":false},"excerpt":{"rendered":"<p>Estilo Casual No de Referencia F6240\u00a0Bic-Seg Genero Femenino Material Caja Acero Dimensi\u00f3n Caja 25 mm Cristal Cristal\u00a0Zafirado Resistencia al Agua 1 ATM Color Dial Blanco\/ Numeraci\u00f3n Romana o Ar\u00e1biga Pulso Todo en acero, bicolor dorado, tungsteno Caracter\u00edsticas Especiales Cristal\u00a0zafirado curvo, segundero a las 6 Maquinaria An\u00e1loga Tipo de Movimiento Ronda1062 &nbsp;<\/p>\n","protected":false},"featured_media":829,"template":"","meta":[],"product_brand":[],"product_cat":[27,19],"product_tag":[],"class_list":{"0":"post-830","1":"product","2":"type-product","3":"status-publish","4":"has-post-thumbnail","6":"product_cat-casual-dama","7":"product_cat-dama","9":"first","10":"instock","11":"shipping-taxable","12":"purchasable","13":"product-type-simple"},"_links":{"self":[{"href":"https:\/\/philippe-amiel.com\/index.php?rest_route=\/wp\/v2\/product\/830","targetHints":{"allow":["GET"]}}],"collection":[{"href":"https:\/\/philippe-amiel.com\/index.php?rest_route=\/wp\/v2\/product"}],"about":[{"href":"https:\/\/philippe-amiel.com\/index.php?rest_route=\/wp\/v2\/types\/product"}],"wp:featuredmedia":[{"embeddable":true,"href":"https:\/\/philippe-amiel.com\/index.php?rest_route=\/wp\/v2\/media\/829"}],"wp:attachment":[{"href":"https:\/\/philippe-amiel.com\/index.php?rest_route=%2Fwp%2Fv2%2Fmedia&parent=830"}],"wp:term":[{"taxonomy":"product_brand","embeddable":true,"href":"https:\/\/philippe-amiel.com\/index.php?rest_route=%2Fwp%2Fv2%2Fproduct_brand&post=830"},{"taxonomy":"product_cat","embeddable":true,"href":"https:\/\/philippe-amiel.com\/index.php?rest_route=%2Fwp%2Fv2%2Fproduct_cat&post=830"},{"taxonomy":"product_tag","embeddable":true,"href":"https:\/\/philippe-amiel.com\/index.php?rest_route=%2Fwp%2Fv2%2Fproduct_tag&post=830"}],"curies":[{"name":"wp","href":"https:\/\/api.w.org\/{rel}","templated":true}]}}