{"id":948,"date":"2016-03-24T23:14:38","date_gmt":"2016-03-24T23:14:38","guid":{"rendered":"http:\/\/philippe-amiel.com\/?post_type=product&#038;p=948"},"modified":"2024-12-06T11:53:09","modified_gmt":"2024-12-06T16:53:09","slug":"m6344","status":"publish","type":"product","link":"https:\/\/philippe-amiel.com\/?product=m6344","title":{"rendered":"M6344"},"content":{"rendered":"<table width=\"572\">\n<tbody>\n<tr>\n<td>Estilo<\/td>\n<td>Casual<\/td>\n<\/tr>\n<tr>\n<td>No de Referencia<\/td>\n<td>M6344<\/td>\n<\/tr>\n<tr>\n<td>Genero<\/td>\n<td>Masculino<\/td>\n<\/tr>\n<tr>\n<td>Material Caja<\/td>\n<td>Acero<\/td>\n<\/tr>\n<tr>\n<td>Dimensi\u00f3n Caja<\/td>\n<td>33 mm<\/td>\n<\/tr>\n<tr>\n<td>Cristal<\/td>\n<td>Cristal\u00a0Zafirado<\/td>\n<\/tr>\n<\/tbody>\n<\/table>\n<table width=\"572\">\n<tbody>\n<tr>\n<td>Resistencia al Agua<\/td>\n<td>1 ATM<\/td>\n<\/tr>\n<tr>\n<td>Color Dial<\/td>\n<td>Blanco,\/Index, ar\u00e1biga, romana<\/td>\n<\/tr>\n<tr>\n<td>Pulso<\/td>\n<td>Todo en acero, bicolor<\/td>\n<\/tr>\n<tr>\n<td>Caracter\u00edsticas Especiales<\/td>\n<td>N.A<\/td>\n<\/tr>\n<tr>\n<td>Maquinaria<\/td>\n<td>An\u00e1loga<\/td>\n<\/tr>\n<tr>\n<td>Tipo de Movimiento<\/td>\n<td>ETA 902002<\/td>\n<\/tr>\n<\/tbody>\n<\/table>\n","protected":false},"excerpt":{"rendered":"<p>Estilo Casual No de Referencia M6344 Genero Masculino Material Caja Acero Dimensi\u00f3n Caja 33 mm Cristal Cristal\u00a0Zafirado Resistencia al Agua 1 ATM Color Dial Blanco,\/Index, ar\u00e1biga, romana Pulso Todo en acero, bicolor Caracter\u00edsticas Especiales N.A Maquinaria An\u00e1loga Tipo de Movimiento ETA 902002<\/p>\n","protected":false},"featured_media":953,"template":"","meta":[],"product_brand":[],"product_cat":[15,17],"product_tag":[],"class_list":{"0":"post-948","1":"product","2":"type-product","3":"status-publish","4":"has-post-thumbnail","6":"product_cat-caballero","7":"product_cat-casual-caballero","9":"first","10":"instock","11":"shipping-taxable","12":"purchasable","13":"product-type-simple"},"_links":{"self":[{"href":"https:\/\/philippe-amiel.com\/index.php?rest_route=\/wp\/v2\/product\/948","targetHints":{"allow":["GET"]}}],"collection":[{"href":"https:\/\/philippe-amiel.com\/index.php?rest_route=\/wp\/v2\/product"}],"about":[{"href":"https:\/\/philippe-amiel.com\/index.php?rest_route=\/wp\/v2\/types\/product"}],"wp:featuredmedia":[{"embeddable":true,"href":"https:\/\/philippe-amiel.com\/index.php?rest_route=\/wp\/v2\/media\/953"}],"wp:attachment":[{"href":"https:\/\/philippe-amiel.com\/index.php?rest_route=%2Fwp%2Fv2%2Fmedia&parent=948"}],"wp:term":[{"taxonomy":"product_brand","embeddable":true,"href":"https:\/\/philippe-amiel.com\/index.php?rest_route=%2Fwp%2Fv2%2Fproduct_brand&post=948"},{"taxonomy":"product_cat","embeddable":true,"href":"https:\/\/philippe-amiel.com\/index.php?rest_route=%2Fwp%2Fv2%2Fproduct_cat&post=948"},{"taxonomy":"product_tag","embeddable":true,"href":"https:\/\/philippe-amiel.com\/index.php?rest_route=%2Fwp%2Fv2%2Fproduct_tag&post=948"}],"curies":[{"name":"wp","href":"https:\/\/api.w.org\/{rel}","templated":true}]}}